{"id":84,"date":"2024-10-07T14:22:47","date_gmt":"2024-10-07T14:22:47","guid":{"rendered":"https:\/\/pohjoinen.harrasterallisarja.fi\/?page_id=84"},"modified":"2025-10-20T17:40:47","modified_gmt":"2025-10-20T17:40:47","slug":"pistetilanne","status":"publish","type":"page","link":"https:\/\/pohjoinen.harrasterallisarja.fi\/index.php\/pistetilanne\/","title":{"rendered":"Lopputulokset 2025"},"content":{"rendered":"\n<p>Pistetilanne avautuu PDF-tiedostona <a href=\"https:\/\/pohjoinen.harrasterallisarja.fi\/wp-content\/uploads\/2025\/09\/pistetilanne2025-6.pdf\" data-type=\"link\" data-id=\"https:\/\/pohjoinen.harrasterallisarja.fi\/wp-content\/uploads\/2025\/09\/pistetilanne2025-6.pdf\" target=\"_blank\" rel=\"noreferrer noopener\">T\u00c4ST\u00c4 LINKIST\u00c4.<\/a><\/p>\n\n\n\n<p><\/p>\n","protected":false},"excerpt":{"rendered":"<p>Pistetilanne avautuu PDF-tiedostona T\u00c4ST\u00c4 LINKIST\u00c4.<\/p>\n","protected":false},"author":1,"featured_media":104,"parent":0,"menu_order":0,"comment_status":"closed","ping_status":"closed","template":"","meta":{"footnotes":""},"class_list":["post-84","page","type-page","status-publish","has-post-thumbnail","hentry"],"_links":{"self":[{"href":"https:\/\/pohjoinen.harrasterallisarja.fi\/index.php\/wp-json\/wp\/v2\/pages\/84","targetHints":{"allow":["GET"]}}],"collection":[{"href":"https:\/\/pohjoinen.harrasterallisarja.fi\/index.php\/wp-json\/wp\/v2\/pages"}],"about":[{"href":"https:\/\/pohjoinen.harrasterallisarja.fi\/index.php\/wp-json\/wp\/v2\/types\/page"}],"author":[{"embeddable":true,"href":"https:\/\/pohjoinen.harrasterallisarja.fi\/index.php\/wp-json\/wp\/v2\/users\/1"}],"replies":[{"embeddable":true,"href":"https:\/\/pohjoinen.harrasterallisarja.fi\/index.php\/wp-json\/wp\/v2\/comments?post=84"}],"version-history":[{"count":10,"href":"https:\/\/pohjoinen.harrasterallisarja.fi\/index.php\/wp-json\/wp\/v2\/pages\/84\/revisions"}],"predecessor-version":[{"id":376,"href":"https:\/\/pohjoinen.harrasterallisarja.fi\/index.php\/wp-json\/wp\/v2\/pages\/84\/revisions\/376"}],"wp:featuredmedia":[{"embeddable":true,"href":"https:\/\/pohjoinen.harrasterallisarja.fi\/index.php\/wp-json\/wp\/v2\/media\/104"}],"wp:attachment":[{"href":"https:\/\/pohjoinen.harrasterallisarja.fi\/index.php\/wp-json\/wp\/v2\/media?parent=84"}],"curies":[{"name":"wp","href":"https:\/\/api.w.org\/{rel}","templated":true}]}}