{"id":8,"date":"2024-09-30T16:11:40","date_gmt":"2024-09-30T16:11:40","guid":{"rendered":"https:\/\/pohjoinen.harrasterallisarja.fi\/?page_id=8"},"modified":"2026-03-14T06:13:51","modified_gmt":"2026-03-14T06:13:51","slug":"pohjoinen-rallimestaruus-2025","status":"publish","type":"page","link":"https:\/\/pohjoinen.harrasterallisarja.fi\/","title":{"rendered":"PohjoiSEN BIOHAKE OY TALVIMESTARUUS 2026"},"content":{"rendered":"\n<div class=\"wp-block-columns is-layout-flex wp-container-core-columns-is-layout-9d6595d7 wp-block-columns-is-layout-flex\">\n<div class=\"wp-block-column is-layout-flow wp-block-column-is-layout-flow\" style=\"flex-basis:70%\">\n<p>Harrastemoottoriurheilun Keskusj\u00e4rjest\u00f6n alainen Harrasterallisarja ajetaan my\u00f6s kaudella 2026 erillisin\u00e4 pohjoisen ja etel\u00e4n sarjoina. Pohjois-Suomen mestaruudesta taistellaan nelj\u00e4ss\u00e4 talvisessa osakilpailussa Pohjoisen Biohake Oy Talvimestaruus 2026 -sarjassa. <\/p>\n\n\n\n<p>Pohjoisen Biohake Oy Talvimestaruus 2026 on sarja, jossa taistelu pisteist\u00e4 on hurjaa, kun Pohjois-Suomen kovimmat ratink\u00e4\u00e4nt\u00e4j\u00e4t p\u00e4\u00e4sev\u00e4t irti!<\/p>\n\n\n\n<h3 class=\"wp-block-heading has-pale-cyan-blue-color has-text-color has-link-color wp-elements-039383e474f4517f379f479b820fa693\">PohjoiSEN BIOHAKE OY TALVIMESTARUUS 2026 osakilpailut<\/h3>\n\n\n\n<p>03.01.2026 Piippola<br>14.02.2026 Kontiolahti<br>21.02.2026 Kemi<br>14.03.2026 Kuhmo <strong>PERUTTU<\/strong> s\u00e4\u00e4olosuhteiden vuoksi<br><\/p>\n<\/div>\n\n\n\n<div class=\"wp-block-column is-layout-flow wp-block-column-is-layout-flow\" style=\"flex-basis:50%\"><div class=\"wp-block-image is-style-default\">\n<figure class=\"aligncenter size-large is-resized\"><img loading=\"lazy\" decoding=\"async\" width=\"1024\" height=\"683\" src=\"https:\/\/pohjoinen.harrasterallisarja.fi\/wp-content\/uploads\/2024\/09\/IMG_7931-1024x683.jpg\" alt=\"\" class=\"wp-image-24\" style=\"width:389px;height:auto\" srcset=\"https:\/\/pohjoinen.harrasterallisarja.fi\/wp-content\/uploads\/2024\/09\/IMG_7931-1024x683.jpg 1024w, https:\/\/pohjoinen.harrasterallisarja.fi\/wp-content\/uploads\/2024\/09\/IMG_7931-300x200.jpg 300w, https:\/\/pohjoinen.harrasterallisarja.fi\/wp-content\/uploads\/2024\/09\/IMG_7931-768x512.jpg 768w, https:\/\/pohjoinen.harrasterallisarja.fi\/wp-content\/uploads\/2024\/09\/IMG_7931-1536x1024.jpg 1536w, https:\/\/pohjoinen.harrasterallisarja.fi\/wp-content\/uploads\/2024\/09\/IMG_7931-2048x1365.jpg 2048w\" sizes=\"auto, (max-width: 1024px) 100vw, 1024px\" \/><\/figure><\/div><\/div>\n<\/div>\n\n\n\n<p><\/p>\n","protected":false},"excerpt":{"rendered":"<p>Harrastemoottoriurheilun Keskusj\u00e4rjest\u00f6n alainen Harrasterallisarja ajetaan my\u00f6s kaudella 2026 erillisin\u00e4 pohjoisen ja etel\u00e4n sarjoina. Pohjois-Suomen mestaruudesta taistellaan nelj\u00e4ss\u00e4 talvisessa osakilpailussa Pohjoisen Biohake Oy Talvimestaruus 2026 -sarjassa.&hellip;<\/p>\n","protected":false},"author":1,"featured_media":14,"parent":0,"menu_order":0,"comment_status":"closed","ping_status":"closed","template":"","meta":{"footnotes":""},"class_list":["post-8","page","type-page","status-publish","has-post-thumbnail","hentry"],"_links":{"self":[{"href":"https:\/\/pohjoinen.harrasterallisarja.fi\/index.php\/wp-json\/wp\/v2\/pages\/8","targetHints":{"allow":["GET"]}}],"collection":[{"href":"https:\/\/pohjoinen.harrasterallisarja.fi\/index.php\/wp-json\/wp\/v2\/pages"}],"about":[{"href":"https:\/\/pohjoinen.harrasterallisarja.fi\/index.php\/wp-json\/wp\/v2\/types\/page"}],"author":[{"embeddable":true,"href":"https:\/\/pohjoinen.harrasterallisarja.fi\/index.php\/wp-json\/wp\/v2\/users\/1"}],"replies":[{"embeddable":true,"href":"https:\/\/pohjoinen.harrasterallisarja.fi\/index.php\/wp-json\/wp\/v2\/comments?post=8"}],"version-history":[{"count":18,"href":"https:\/\/pohjoinen.harrasterallisarja.fi\/index.php\/wp-json\/wp\/v2\/pages\/8\/revisions"}],"predecessor-version":[{"id":502,"href":"https:\/\/pohjoinen.harrasterallisarja.fi\/index.php\/wp-json\/wp\/v2\/pages\/8\/revisions\/502"}],"wp:featuredmedia":[{"embeddable":true,"href":"https:\/\/pohjoinen.harrasterallisarja.fi\/index.php\/wp-json\/wp\/v2\/media\/14"}],"wp:attachment":[{"href":"https:\/\/pohjoinen.harrasterallisarja.fi\/index.php\/wp-json\/wp\/v2\/media?parent=8"}],"curies":[{"name":"wp","href":"https:\/\/api.w.org\/{rel}","templated":true}]}}