{"id":78,"date":"2024-10-07T14:21:56","date_gmt":"2024-10-07T14:21:56","guid":{"rendered":"https:\/\/pohjoinen.harrasterallisarja.fi\/?page_id=78"},"modified":"2025-12-08T09:31:32","modified_gmt":"2025-12-08T09:31:32","slug":"saannot","status":"publish","type":"page","link":"https:\/\/pohjoinen.harrasterallisarja.fi\/index.php\/saannot\/","title":{"rendered":"S\u00e4\u00e4nn\u00f6t"},"content":{"rendered":"\n<h2 class=\"wp-block-heading\"><strong>POHJOSEN BIOHAKE TALMESTARUUS 2026 S\u00c4\u00c4NN\u00d6T<\/strong><\/h2>\n\n\n\n<ol class=\"wp-block-list\">\n<li><a href=\"#1\">YLEISTIEDOT<\/a><br>1.1 <a href=\"#1.1\">SARJAN TAVOITE<\/a><br>1.2 <a href=\"#1.2\">SARJAN ORGANISOINTI<\/a><br>1.3 <a href=\"#1.3\">OSAKILPAILUT<\/a><br>1.4 <a href=\"#1.4\">OSALLISTUJAM\u00c4\u00c4R\u00c4T<\/a><br>1.5 <a href=\"#1.5\">L\u00c4HT\u00d6J\u00c4RJESTYS<\/a><br>1.6 <a href=\"#1.6\">MUUTOKSET<\/a><br>1.7 <a href=\"#1.7\">SARJAN P\u00c4\u00c4TOIMIHENKIL\u00d6T<\/a><\/li>\n<\/ol>\n\n\n\n<ol start=\"2\" class=\"wp-block-list\">\n<li><a href=\"#2\">SARJAN OSAKILPAILUT<\/a><\/li>\n\n\n\n<li><a href=\"#3\">SARJAAN ILMOITTAUTUMINEN JA SARJAMAKSU<\/a><\/li>\n\n\n\n<li><a href=\"#4\">KILPAILUIDEN OSALLISTUMISMAKSUT<\/a><\/li>\n\n\n\n<li><a href=\"#5\">RALLISARJAN KONSEPTI JA AJETTAVAT MESTARUUDET<\/a><br>5.1 <a href=\"#5.1\">KONSEPTIN TAVOITE<\/a><br>5.2 <a href=\"#5.2\">MESTARUUDET<\/a><br>5.3 <a href=\"#5.3\">KILPAILULUOKAT<\/a><br>5.4 <a href=\"#5.4\">LUOKKIEN VAIHTAMINEN<\/a><br>5.5 <a href=\"#5.5\">SARJAN ULKOPUOLISET OSALLISTUJAT<\/a><br><\/li>\n\n\n\n<li><a href=\"#6\">SARJAN PISTELASKU<\/a><br>6.1 <a href=\"#6.1\">PISTEISIIN LASKETTAVIEN KILPAILUIDEN M\u00c4\u00c4R\u00c4<\/a><br>6.2 <a href=\"#6.2\">PISTELASKENTAKAAVIO<\/a><br><\/li>\n\n\n\n<li><a href=\"#7\">SARJAN PALKINNOT JA PALKINTOJEN JAKO<\/a><br>7.1 <a href=\"#7.1\">PALKITTAVIEN M\u00c4\u00c4R\u00c4 JA PALKINNOT<\/a><br>7.2 <a href=\"#7.2\">PALKINTOPOTIN SUURUUS<\/a><br>7.3 <a href=\"#7.3\">SARJAN PALKINTOJEN JAKOTILAISUUS<\/a><br>7.4 <a href=\"#7.4\">OSAKILPAILUJEN PALKINNOT<\/a><\/li>\n\n\n\n<li><a href=\"#8\">TEKNISET S\u00c4\u00c4NN\u00d6T<\/a><\/li>\n<\/ol>\n\n\n\n<h2 class=\"wp-block-heading\" id=\"1\"><strong>1. Yleistiedot<\/strong><\/h2>\n\n\n\n<p id=\"1.1\"><strong>1.1 SARJAN TAVOITE<\/strong><\/p>\n\n\n\n<p>Tavoitteena on tarjota kaikille harrastajille mukava ja mielek\u00e4s rallisarja. My\u00f6s kilpailijoita on kuultu aikaisemmilta kausilta ja mielipiteit\u00e4 on huomioitu konseptin toimivuuden kannalta. Tekemisen teemoina on hyv\u00e4 tiedotus, tasapuolisuus ja rento meininki!<\/p>\n\n\n\n<p>Sarja jakaantuu kaudella 2026 kahteen aluemestaruuteen: Etel\u00e4 &#8211; ja Pohjois-Suomen Mestaruuteen. <strong>N\u00e4m\u00e4 s\u00e4\u00e4nn\u00f6t koskevat Pohjois-Suomen talvimestaruus -sarjaa.<\/strong><strong><\/strong><\/p>\n\n\n\n<p id=\"1.2\"><strong>1.2 SARJAN ORGANISOINTI<\/strong><\/p>\n\n\n\n<p>Pohjoisen Biohake Oy talvimestaruus 2026 -sarja j\u00e4rjestet\u00e4\u00e4n Harrastemoottoriurheilun keskusj\u00e4rjest\u00f6 ry:n (Hamu:n) hallinnoimana ja toteuttamana. Kilpailuiden toteutuksessa noudatetaan Hamu:n kilpailun j\u00e4rjest\u00e4misen s\u00e4\u00e4nt\u00f6j\u00e4 sek\u00e4 teknisi\u00e4 s\u00e4\u00e4nt\u00f6j\u00e4. Osakilpailujen j\u00e4rjest\u00e4j\u00e4t ovat kaikki Hamu:n alaisia j\u00e4senseuroja.<\/p>\n\n\n\n<p>Sarjaj\u00e4rjest\u00e4j\u00e4ll\u00e4 on oma tuulilasitarra, pakollinen kaikille osakilpailuihin osallistuville.<\/p>\n\n\n\n<p id=\"1.3\"><strong>1.3 OSAKILPAILUT<\/strong><\/p>\n\n\n\n<p>Osakilpailuja ajetaan 4 talvella.<\/p>\n\n\n\n<p>Kilpailuiden tekij\u00f6ilt\u00e4 edellytet\u00e4\u00e4n laadukkaita ja toimivia kilpailuja sarjan arvon mukaisesti. Kilpailuiden tavoitepituudet ovat 3 &#8211; 6 erikoiskoetta, sis\u00e4lt\u00e4en minimiss\u00e4\u00e4n 35 EK km.<\/p>\n\n\n\n<p id=\"1.4\"><strong>1.4 OSALLISTUJAM\u00c4\u00c4R\u00c4T<\/strong><\/p>\n\n\n\n<p>Kaikki, jotka osallistuvat sarjan osakilpailuihin kaudella 2026, ovat automaattisesti mukana my\u00f6s sarjassa. Pois lukien Aloittelija -Luokka.<\/p>\n\n\n\n<p id=\"1.5\"><strong>1.5 L\u00c4HT\u00d6J\u00c4RJESTYS<\/strong><\/p>\n\n\n\n<p>Kilpailuluokkien l\u00e4ht\u00f6j\u00e4rjestys osakilpailujen v\u00e4lill\u00e4 on kiert\u00e4v\u00e4, lukuun ottamatta Klassikko sek\u00e4 Nuotti \u2013 luokkaa. Koko kauden: Klassikot l\u00e4htev\u00e4t kilpailuissa ensimm\u00e4isin\u00e4, Nuotti toisena. Muut luokat kiert\u00e4v\u00e4t koko kauden.<\/p>\n\n\n\n<p>Ensimm\u00e4isen kilpailun l\u00e4ht\u00f6j\u00e4rjestys tehd\u00e4\u00e4n sarjaan ilmoittautumisj\u00e4rjestyksess\u00e4 luokan sis\u00e4ll\u00e4. Kilpailuissa luokkien sis\u00e4inen l\u00e4ht\u00f6j\u00e4rjestys on pistej\u00e4rjestyksen mukaan.<\/p>\n\n\n\n<p><strong><strong>POHJOINEN TALVIMESTARUUS -SARJA 2026 LUOKKIEN L\u00c4HT\u00d6J\u00c4RJESTYKSET OSAKILPAILUISSA<\/strong><\/strong><\/p>\n\n\n\n<figure class=\"wp-block-image size-full\"><img loading=\"lazy\" decoding=\"async\" width=\"872\" height=\"417\" src=\"https:\/\/pohjoinen.harrasterallisarja.fi\/wp-content\/uploads\/2025\/10\/kuva1.png\" alt=\"\" class=\"wp-image-372\" srcset=\"https:\/\/pohjoinen.harrasterallisarja.fi\/wp-content\/uploads\/2025\/10\/kuva1.png 872w, https:\/\/pohjoinen.harrasterallisarja.fi\/wp-content\/uploads\/2025\/10\/kuva1-300x143.png 300w, https:\/\/pohjoinen.harrasterallisarja.fi\/wp-content\/uploads\/2025\/10\/kuva1-768x367.png 768w\" sizes=\"auto, (max-width: 872px) 100vw, 872px\" \/><\/figure>\n\n\n\n<p id=\"1.6\"><strong>1.6 MUUTOKSET<\/strong><\/p>\n\n\n\n<p>Sarjaj\u00e4rjest\u00e4j\u00e4ll\u00e4 on oikeus muutoksiin. Muutoksia voi olla esim. kilpailup\u00e4iv\u00e4m\u00e4\u00e4r\u00e4n muutos tai korvaava kilpailu peruuntuneen kilpailun tilalle. Lopullisiin pisteisiin laskettavien kilpailujen m\u00e4\u00e4r\u00e4 voidaan muuttaa mik\u00e4li esim. kilpailujen lopullinen toteutuva m\u00e4\u00e4r\u00e4 muuttuu.<\/p>\n\n\n\n<p id=\"1.7\"><strong>1.7 SARJAN P\u00c4\u00c4TOIMIHENKIL\u00d6T<\/strong><\/p>\n\n\n\n<figure class=\"wp-block-table\"><table class=\"has-fixed-layout\"><tbody><tr><td><strong>VASTUUALUE<\/strong><\/td><td><strong>NIMI<\/strong><\/td><td><strong>PuhNro<\/strong><\/td><\/tr><tr><td>Sarjan vet\u00e4j\u00e4\/talous<\/td><td>Jouko M\u00e4h\u00f6nen<\/td><td>0400 307 200<\/td><\/tr><tr><td>Sarjan sihteeri\/sarjan yht.hl\u00f6<\/td><td>Mervi Py\u00f6ri\u00e4<\/td><td>050 344 0299<\/td><\/tr><tr><td>Tekniikka asiat<\/td><td>Tony Ketopaikka<\/td><td>040&nbsp;507 9910<\/td><\/tr><tr><td>Tekniikka asiat<\/td><td>Esa Mikkonen<\/td><td>040&nbsp;590 4447&nbsp;<\/td><\/tr><tr><td>Pistelaskenta\/talous<\/td><td>Mika Ilom\u00e4ki<\/td><td>044&nbsp;578 2197&nbsp;<\/td><\/tr><tr><td>Tiedotus\/Media<\/td><td>Tero Lyttinen<\/td><td>040&nbsp;708 0573&nbsp;<\/td><\/tr><\/tbody><\/table><\/figure>\n\n\n\n<h2 class=\"wp-block-heading\" id=\"2\"><strong>2. SARJAN OSAKILPAILUT<\/strong><\/h2>\n\n\n\n<figure class=\"wp-block-image size-full\"><img loading=\"lazy\" decoding=\"async\" width=\"645\" height=\"158\" src=\"https:\/\/pohjoinen.harrasterallisarja.fi\/wp-content\/uploads\/2025\/10\/kvua2.png\" alt=\"\" class=\"wp-image-373\" srcset=\"https:\/\/pohjoinen.harrasterallisarja.fi\/wp-content\/uploads\/2025\/10\/kvua2.png 645w, https:\/\/pohjoinen.harrasterallisarja.fi\/wp-content\/uploads\/2025\/10\/kvua2-300x73.png 300w\" sizes=\"auto, (max-width: 645px) 100vw, 645px\" \/><\/figure>\n\n\n\n<h2 class=\"wp-block-heading\" id=\"3\"><strong>3. SARJAAN ILMOITTAUTUMINEN JA SARJAMAKSU<\/strong><\/h2>\n\n\n\n<p>Pohjoisen Biohake Oy talvimestaruus 2026 ajetaan ns avoimena sarjana: eli kaikki, jotka osallistuvat sarjan osakilpailuihin, ovat oikeutettuja pisteisiin.<\/p>\n\n\n\n<p><strong>Sarjamaksu sis\u00e4ltyy kilpailun osallistumismaksuun: 20\u20ac\/kilpailija.<\/strong>&nbsp;Kilpailun j\u00e4rjest\u00e4j\u00e4 tilitt\u00e4\u00e4 kertyv\u00e4n summan keskusj\u00e4rjest\u00f6n tilille. N\u00e4ist\u00e4 koostuvasta summasta tulee aikanaan jaettava palkintopotti. <strong>Sarjaan ilmoittautumisen yhteydess\u00e4 ei ker\u00e4t\u00e4 sarjamaksua<\/strong>. T\u00e4ll\u00e4 j\u00e4rjestelyll\u00e4 osakilpaluista poistuvat turhat lis\u00e4luokat: kaikki ajavat samoissa luokissa. Ja t\u00e4ll\u00e4 j\u00e4rjestelyll\u00e4 toivotaan, ettei osakilpailuissa olisi vajaita luokkia pistelaskun kannalta. My\u00f6s kilpailijat, jotka eiv\u00e4t ole ennakkoilmoittautuneet sarjaan, osallistuessaan sarjan osakilpailuun, ovat oikeutettuja sarjapisteisiin.<\/p>\n\n\n\n<p>Sarjan ennakkoilmoittautuminen alkaa <strong>20.10.2025<\/strong>. Ennakkoilmoittautuminen p\u00e4\u00e4ttyy 27.12.2025<strong>. Huomioithan, ett\u00e4 ilmoittautuessasi 27.12.2025 menness\u00e4 saat 2kpl sarjapisteit\u00e4 pohjalle. <\/strong>Lis\u00e4ksi ennakkoilmoittautuneiden kesken arvotaan yksi ilmainen osallistuminen Piippolan osakilpailuun. Osakilpailuun osallistuneiden kesken arvotaan seuraavaan osakilpailuun yksi ilmainen osallistuminen, koko sarjan ajan.<\/p>\n\n\n\n<p>Ilmoittautumien tapahtuu www.pohjoinen.harrasterallisarja.fi sivuston kautta.<\/p>\n\n\n\n<h3 class=\"wp-block-heading\">JOUKKUEKILPAILU<\/h3>\n\n\n\n<p>Joukkueessa kaksi autokuntaa. Pisteet joukkuekilpailuun lasketaan kuljettajan osakilpailuista saamien pisteiden perusteella, kolme osakilpailua lasketaan pisteisiin. Joukkuekilpailuun ilmoittaudutaan s\u00e4hk\u00f6postilla 2.1. menness\u00e4 osoitteeseen mika.ilomaki@mikalinkki.net. Ilmoittautumisessa tulee olla seuraavat asiat:<br>&#8211; Joukkueen nimi<br>&#8211; Joukkueen paikkakunta<br>&#8211; Kuljettajien(\/kartanlukijoiden) nimet<br>&#8211; Autot<\/p>\n\n\n\n<p>Kolme parasta joukkuetta palkitaan pokaalein kauden p\u00e4\u00e4t\u00f6stilaisuudessa.<\/p>\n\n\n\n<h2 class=\"wp-block-heading\" id=\"4\"><strong>4. KILPAILUIDEN OSALLISTUMISMAKSUT<\/strong><\/h2>\n\n\n\n<p>Kilpailukohtaisten osallistumismaksujen maksimimaksut:<br><br>\u2022 Kes\u00e4- ja talvikausi: ei tutustuttavat max. 260\u20ac, Nuotti max. 310\u20ac<\/p>\n\n\n\n<h2 class=\"wp-block-heading\" id=\"5\"><strong>5. RALLISARJAN KONSEPTI JA AJETTAVAT MESTARUUDET<\/strong><\/h2>\n\n\n\n<p id=\"5.1\"><strong>5.1 KONSEPTIN TAVOITE<\/strong><\/p>\n\n\n\n<p>Konseptin tavoitteena on tehd\u00e4 kilpailijoille selke\u00e4 sarjaa ja antaa tasapuolisemmat mahdollisuudet kaikille osallistujille. Kirjavan kaluston ja laajan luokkam\u00e4\u00e4r\u00e4n puolesta tasapainoisen sarjan luominen on haasteellista.<\/p>\n\n\n\n<p id=\"5.2\"><strong>5.2 MESTARUUDET<\/strong><\/p>\n\n\n\n<p>Ajetaan<strong>&nbsp;Pohjois-Suomen talvimestaruudesta <\/strong>ja sen alla luokkamestaruuksista.<\/p>\n\n\n\n<p id=\"5.3\"><strong>5.3 KILPAILULUOKAT 2025<\/strong><\/p>\n\n\n\n<figure class=\"wp-block-image size-full\"><img loading=\"lazy\" decoding=\"async\" width=\"609\" height=\"590\" src=\"https:\/\/pohjoinen.harrasterallisarja.fi\/wp-content\/uploads\/2025\/10\/kuva3.png\" alt=\"\" class=\"wp-image-374\" srcset=\"https:\/\/pohjoinen.harrasterallisarja.fi\/wp-content\/uploads\/2025\/10\/kuva3.png 609w, https:\/\/pohjoinen.harrasterallisarja.fi\/wp-content\/uploads\/2025\/10\/kuva3-300x291.png 300w\" sizes=\"auto, (max-width: 609px) 100vw, 609px\" \/><\/figure>\n\n\n\n<p>Lis\u00e4tarkennus: Senioreihin voi osallistua, jos t\u00e4ytt\u00e4\u00e4 50v vuoden 2026 aikana.<\/p>\n\n\n\n<p id=\"5.4\"><strong>5.4 LUOKKIEN VAIHTAMINEN<\/strong><\/p>\n\n\n\n<p>Kilpailija saa vaihtaa kilpailuluokkaa vapaasti kauden aikana. Luokan vaihto vaikuttaa luokkapisteisiin, mutta ei vaikuta koko sarjan pisteisiin.<\/p>\n\n\n\n<p id=\"5.5\"><strong>5.5 SARJAN ULKOPUOLISET OSALLISTUJAT<\/strong><\/p>\n\n\n\n<p>Osakilpailun j\u00e4rjest\u00e4jill\u00e4 on vapaus ottaa sarjaluokkien per\u00e4\u00e4n Aloittelija \u2013Luokka ja joitakin sarjan ulkopuolisia luokkia.<\/p>\n\n\n\n<h2 class=\"wp-block-heading\" id=\"6\"><strong>6. SARJAN PISTELASKU<\/strong><\/h2>\n\n\n\n<p id=\"6.1\"><strong>6.1 PISTEISIIN LASKETTAVIEN KILPAILUIDEN M\u00c4\u00c4R\u00c4<\/strong><\/p>\n\n\n\n<p>Sarjassa ajetaan Pohjois-Suomen talvimestaruudesta. Sarjan osakilpailuiden tuloslaskennasta vastaa kilpailuj\u00e4rjest\u00e4j\u00e4. Sarjapistelaskennan yhteyshenkil\u00f6 l\u00f6ytyy yhteystiedoista ja sarjapisteet l\u00f6ytyy <a href=\"http:\/\/www.pohjoinen.harrasterallisarja.fi\"><u>www.pohjoinen.harrasterallisarja.fi<\/u><\/a>&nbsp;sivustolta.<br><br>Sarjapisteet m\u00e4\u00e4rittyv\u00e4t alla olevan taulukon mukaisesti kilpailun toteutuneen l\u00e4htij\u00e4m\u00e4\u00e4r\u00e4n mukaisesti.<\/p>\n\n\n\n<p><br>Loppupisteisiin huomioidaan Pohjois-Suomen talvimestaruudessa kolme (3) Parasta kilpailua\/suurinta pistem\u00e4\u00e4r\u00e4\u00e4.<\/p>\n\n\n\n<p>Ajettavien kilpailujen m\u00e4\u00e4r\u00e4\u00e4 ei ole rajoitettu sarjassa. Tasapisteiden tullessa, Pohjois-Suomen talvimestaruudessa, paremmuuden ratkaisee enemm\u00e4n luokan 1 -sijoituksia ajanut kilpailija. (Huomioon otetaan h\u00e4nen 3 parasta kilpailua.)<\/p>\n\n\n\n<p>Mik\u00e4li voittaja ei viel\u00e4 ratkea t\u00e4ll\u00e4, seuraavaksi katsotaan 2 -sijoitukset. T\u00e4m\u00e4n j\u00e4lkeen 3 -sijoitukset. Jos n\u00e4m\u00e4 eiv\u00e4t ratkaise voittajaa, katsotaan EK:den pohja-ajat.<\/p>\n\n\n\n<p><strong>HUOM!<\/strong><\/p>\n\n\n\n<p>POWER STAGE \u2013pisteet: on aina osakilpailun viimeinen erikoiskoe.<\/p>\n\n\n\n<p>Power Stage pisteet tulevat luokkiin, joissa <strong>l\u00e4htij\u00e4m\u00e4\u00e4r\u00e4t ovat kuusi (6) tai enemm\u00e4n<\/strong>. Viimeisen erikoiskokeen Power Stage \u2013pisteet jaetaan alla olevan luokittelun mukaan seuraavasti: Esim. Erikoiskokeen voittaja luokassaan saamansa pistem\u00e4\u00e4r\u00e4 x 1.35.<\/p>\n\n\n\n<p>Sijoitus Luokkansa 1: pistekerroin 1.35<\/p>\n\n\n\n<p>Sijoitus Luokkansa 2: pistekerroin 1.20<\/p>\n\n\n\n<p>Sijoitus Luokkansa 3: pistekerroin 1.15<\/p>\n\n\n\n<p>Luokassa v\u00e4hint\u00e4\u00e4n <strong>yksi (1) \u2013 viisi (5) l\u00e4htij\u00e4\u00e4<\/strong>: 1.15 pistekerroin luokan voittajalle<\/p>\n\n\n\n<p id=\"6.2\"><strong>6.2 PISTELASKENTAKAAVIO<\/strong><\/p>\n\n\n\n<figure class=\"wp-block-image size-full\"><img loading=\"lazy\" decoding=\"async\" width=\"698\" height=\"232\" src=\"https:\/\/pohjoinen.harrasterallisarja.fi\/wp-content\/uploads\/2024\/10\/image-4.png\" alt=\"\" class=\"wp-image-126\" srcset=\"https:\/\/pohjoinen.harrasterallisarja.fi\/wp-content\/uploads\/2024\/10\/image-4.png 698w, https:\/\/pohjoinen.harrasterallisarja.fi\/wp-content\/uploads\/2024\/10\/image-4-300x100.png 300w\" sizes=\"auto, (max-width: 698px) 100vw, 698px\" \/><\/figure>\n\n\n\n<h2 class=\"wp-block-heading\" id=\"7\"><strong>7. SARJAN PALKINNOT JA PALKINTOJEN JAKO<\/strong><\/h2>\n\n\n\n<p id=\"7.1\"><strong>7.1 PALKITTAVIEN M\u00c4\u00c4R\u00c4 JA PALKINNOT<\/strong><\/p>\n\n\n\n<p>Pohjois-Suomen talvimestaruus sarjassa palkitaan 1 &#8211; 10 parasta kilpailijaa, riippuen osallistujam\u00e4\u00e4r\u00e4st\u00e4, lahjakortein tai muunlaisilla rahanarvoisilla palkinnoilla.<\/p>\n\n\n\n<p>Kaudella 2026 palkintojenjakogaalan yhteydess\u00e4 14.3.2026 Kuhmossa tullaan jakamaan luokittain pokaalit &nbsp;&nbsp;&nbsp;&nbsp;1 \u2013 3 parhaalle, osallistujam\u00e4\u00e4r\u00e4st\u00e4 riippuen.<\/p>\n\n\n\n<p id=\"7.2\"><strong>7.2 PALKINTOPOTIN SUURUUS<\/strong><\/p>\n\n\n\n<p>Palkintojen yhteisarvo on minimiss\u00e4\u00e4n 70% sarjamaksujen m\u00e4\u00e4r\u00e4st\u00e4.<\/p>\n\n\n\n<p>Kauden aikana jokaisessa osakilpailussa arvotaan kilpailuun l\u00e4hteneiden kesken 1 kpl S-Ryhm\u00e4n lahjakortti.<\/p>\n\n\n\n<p id=\"7.3\"><strong>7.3 SARJAN PALKINTOJENJAKOTILAISUUS<\/strong><\/p>\n\n\n\n<p>Sarjapalkintojen jakopaikka ja -aika vahvistetaan my\u00f6hemmin.<\/p>\n\n\n\n<p id=\"7.4\"><strong>7.4 OSAKILPAILUJEN PALKINNOT<\/strong><\/p>\n\n\n\n<p>Kilpailukohtaiset palkinnot m\u00e4\u00e4ritt\u00e4\u00e4 osakilpailujen j\u00e4rjest\u00e4j\u00e4t.<\/p>\n\n\n\n<h2 class=\"wp-block-heading\" id=\"8\"><strong>8. TEKNISET S\u00c4\u00c4NN\u00d6T<\/strong><\/h2>\n\n\n\n<p>Autojen tekniset s\u00e4\u00e4nn\u00f6t ja luokat noudattavat Harrastemoottoriurheilun kattoj\u00e4rjest\u00f6n 2026 vuoden s\u00e4\u00e4nt\u00f6j\u00e4 seuraavilla muutoksilla, jotka koskevat alla olevia luokkia:<\/p>\n\n\n\n<p><strong><em><strong><em>Luokka 4 Classic yli 1650cc<\/em><\/strong><\/em><\/strong><\/p>\n\n\n\n<p>Luokka tarkoitettu ennen vuotta 1990 luokitelluille autoille.<\/p>\n\n\n\n<p><strong><em><strong><em>Luokka 5 <\/em><\/strong><\/em><\/strong><strong><em><strong><em>Classic Nuotti<\/em><\/strong><\/em><\/strong><\/p>\n\n\n\n<p>Luokkaan lis\u00e4t\u00e4\u00e4n kategorian vm. -91-96 Historic\/Classic -autot. Luokassa voi ajaa Nuotista tai Pime\u00e4st\u00e4.<\/p>\n\n\n\n<p><strong><em><strong>Luokka 6 HV1000<\/strong><\/em><\/strong><strong><em><strong><\/strong><\/em><\/strong><\/p>\n\n\n\n<p>Luokkaan voivat osallistua nuorten ja yleisen luokan kuljettajat. Nuoret Hamu:n s\u00e4\u00e4nt\u00f6jen mukaan: sin\u00e4 vuonna kun t\u00e4ytt\u00e4\u00e4 15v, sen vuoden loppuun kun t\u00e4ytt\u00e4\u00e4 18v.<\/p>\n\n\n\n<p><strong><em>Luokka &nbsp;7 &nbsp;V1600 nuotti<\/em><\/strong><strong><em><\/em><\/strong><\/p>\n\n\n\n<p>Nuorten luokan kuljettaja voi osallistua t\u00e4h\u00e4n luokkaan. H\u00e4nen on huoltajansa kanssa teht\u00e4v\u00e4 Hamu:n hallitukselle anomus: taustaa kilpailuista ja tulevaisuuden suunnitelmistaan. T\u00e4m\u00e4 luokka rajataan V1600 autoille.<\/p>\n\n\n\n<p><strong><em>Luokat 10 ja 11<\/em><\/strong><strong><em><\/em><\/strong><\/p>\n\n\n\n<p>4WD nuotti ja 4WD pime\u00e4t ajavat kilpailuissa omissa luokissaan, mutta sarjapisteiss\u00e4 tulokset yhdistet\u00e4\u00e4n. Sarjapisteisiin m\u00e4\u00e4r\u00e4ytyv\u00e4 luokan l\u00e4htij\u00e4m\u00e4\u00e4r\u00e4 on kyseisten luokkien yhteen laskettu l\u00e4htij\u00e4m\u00e4\u00e4r\u00e4.<\/p>\n\n\n\n<p><strong><em><strong>Luokka 13 Seniorit V1600 nuotti<\/strong><\/em><\/strong><strong><em><strong><\/strong><\/em><\/strong><\/p>\n\n\n\n<p>Seniorit V1600 nuotti \u2013luokassa voi ajaa Nuotista tai Pime\u00e4st\u00e4. &nbsp;Nuotista ajavat Seniorit V1600 -kuljettajat maksavat nuotti luokkien ilmoittautumismaksun.<\/p>\n\n\n\n<p><strong><em>Luokka 16 &nbsp;V1600 ja \u201dTrophy autot\u201d<\/em><\/strong><strong><em><\/em><\/strong><\/p>\n\n\n\n<p>N-ryhm\u00e4l\u00e4iset \u201dTrophy 1400\u201d : A-ryhm\u00e4l\u00e4iset ja Kit Car -autot eiv\u00e4t ole sallittuja \u00e0&nbsp;n\u00e4m\u00e4 kuuluvat HR -luokkaan.<\/p>\n\n\n\n<p><strong><em>Luokat 17 ja 18<\/em><\/strong><strong><em><\/em><\/strong><\/p>\n\n\n\n<p>H2050\/Nuoret H2050 ja BMW Orginal ajavat kilpailuissa omissa luokissaan, mutta sarjapisteiss\u00e4 tulokset yhdistet\u00e4\u00e4n. Sarjapisteisiin m\u00e4\u00e4r\u00e4ytyv\u00e4 luokan l\u00e4htij\u00e4m\u00e4\u00e4r\u00e4 on kyseisten luokkien yhteen laskettu l\u00e4htij\u00e4m\u00e4\u00e4r\u00e4.<\/p>\n\n\n\n<p><strong><em><strong>Luokat 19 &#8211; 21<\/strong><\/em><\/strong><strong><em><strong><\/strong><\/em><\/strong><\/p>\n\n\n\n<p>T\u00e4m\u00e4 s\u00e4\u00e4nt\u00f6 koskee vain Proto \u2013autoja: Proto \u2013autot, joissa on turbo, Huomioikaa turbokerroin 1.7, Hamu:n s\u00e4\u00e4nt\u00f6jen mukaisesti, kun valitsette luokkaa, mihin ilmoittaudutte ajamaan sarjassa.<\/p>\n","protected":false},"excerpt":{"rendered":"<p>POHJOSEN BIOHAKE TALMESTARUUS 2026 S\u00c4\u00c4NN\u00d6T 1. Yleistiedot 1.1 SARJAN TAVOITE Tavoitteena on tarjota kaikille harrastajille mukava ja mielek\u00e4s rallisarja. My\u00f6s kilpailijoita on kuultu aikaisemmilta kausilta&hellip;<\/p>\n","protected":false},"author":1,"featured_media":103,"parent":0,"menu_order":0,"comment_status":"closed","ping_status":"closed","template":"","meta":{"footnotes":""},"class_list":["post-78","page","type-page","status-publish","has-post-thumbnail","hentry"],"_links":{"self":[{"href":"https:\/\/pohjoinen.harrasterallisarja.fi\/index.php\/wp-json\/wp\/v2\/pages\/78","targetHints":{"allow":["GET"]}}],"collection":[{"href":"https:\/\/pohjoinen.harrasterallisarja.fi\/index.php\/wp-json\/wp\/v2\/pages"}],"about":[{"href":"https:\/\/pohjoinen.harrasterallisarja.fi\/index.php\/wp-json\/wp\/v2\/types\/page"}],"author":[{"embeddable":true,"href":"https:\/\/pohjoinen.harrasterallisarja.fi\/index.php\/wp-json\/wp\/v2\/users\/1"}],"replies":[{"embeddable":true,"href":"https:\/\/pohjoinen.harrasterallisarja.fi\/index.php\/wp-json\/wp\/v2\/comments?post=78"}],"version-history":[{"count":15,"href":"https:\/\/pohjoinen.harrasterallisarja.fi\/index.php\/wp-json\/wp\/v2\/pages\/78\/revisions"}],"predecessor-version":[{"id":434,"href":"https:\/\/pohjoinen.harrasterallisarja.fi\/index.php\/wp-json\/wp\/v2\/pages\/78\/revisions\/434"}],"wp:featuredmedia":[{"embeddable":true,"href":"https:\/\/pohjoinen.harrasterallisarja.fi\/index.php\/wp-json\/wp\/v2\/media\/103"}],"wp:attachment":[{"href":"https:\/\/pohjoinen.harrasterallisarja.fi\/index.php\/wp-json\/wp\/v2\/media?parent=78"}],"curies":[{"name":"wp","href":"https:\/\/api.w.org\/{rel}","templated":true}]}}