{"id":106,"date":"2024-10-13T10:32:54","date_gmt":"2024-10-13T10:32:54","guid":{"rendered":"https:\/\/pohjoinen.harrasterallisarja.fi\/?page_id=106"},"modified":"2024-10-13T10:39:23","modified_gmt":"2024-10-13T10:39:23","slug":"uutiset","status":"publish","type":"page","link":"https:\/\/pohjoinen.harrasterallisarja.fi\/index.php\/uutiset\/","title":{"rendered":"Uutiset"},"content":{"rendered":"<ul class=\"wp-block-latest-posts__list has-dates wp-block-latest-posts\"><li><a class=\"wp-block-latest-posts__post-title\" href=\"https:\/\/pohjoinen.harrasterallisarja.fi\/index.php\/2026\/03\/14\/paatososakilpailu-kuhmo-ralli-perttu\/\">P\u00e4\u00e4t\u00f6sosakilpailu Kuhmo Ralli peruttu<\/a><time datetime=\"2026-03-14T06:15:19+00:00\" class=\"wp-block-latest-posts__post-date\">14 maaliskuun, 2026<\/time><\/li>\n<li><a class=\"wp-block-latest-posts__post-title\" href=\"https:\/\/pohjoinen.harrasterallisarja.fi\/index.php\/2026\/01\/03\/harrasterallin-pohjoinen-talvimestaruussarja-2026-startattiin-piippolassa\/\">Harrasterallin Pohjoinen talvimestaruussarja 2026 startattiin Piippolassa<\/a><time datetime=\"2026-01-03T21:55:45+00:00\" class=\"wp-block-latest-posts__post-date\">3 tammikuun, 2026<\/time><\/li>\n<li><a class=\"wp-block-latest-posts__post-title\" href=\"https:\/\/pohjoinen.harrasterallisarja.fi\/index.php\/2025\/08\/25\/pohjoisen-rallimestaruus-2025-luokittain-palkittavat\/\">Pohjoisen rallimestaruus 2025 luokittain palkittavat<\/a><time datetime=\"2025-08-25T19:08:18+00:00\" class=\"wp-block-latest-posts__post-date\">25 elokuun, 2025<\/time><\/li>\n<li><a class=\"wp-block-latest-posts__post-title\" href=\"https:\/\/pohjoinen.harrasterallisarja.fi\/index.php\/2025\/08\/25\/pohjoisen-rallimestaruus-palkintopotin-jako-2025\/\">Pohjoisen rallimestaruus palkintopotin jako 2025<\/a><time datetime=\"2025-08-25T19:01:49+00:00\" class=\"wp-block-latest-posts__post-date\">25 elokuun, 2025<\/time><\/li>\n<li><a class=\"wp-block-latest-posts__post-title\" href=\"https:\/\/pohjoinen.harrasterallisarja.fi\/index.php\/2025\/06\/07\/goman-suvinen-ja-huusko-jatkoivat-vahvoja-otteita-kesakauden-avauksessa\/\">Goman, Suvinen ja Huusko jatkoivat vahvoja otteita kes\u00e4kauden avauksessa<\/a><time datetime=\"2025-06-07T21:32:23+00:00\" class=\"wp-block-latest-posts__post-date\">7 kes\u00e4kuun, 2025<\/time><\/li>\n<\/ul>","protected":false},"excerpt":{"rendered":"","protected":false},"author":1,"featured_media":110,"parent":0,"menu_order":0,"comment_status":"closed","ping_status":"closed","template":"","meta":{"footnotes":""},"class_list":["post-106","page","type-page","status-publish","has-post-thumbnail","hentry"],"_links":{"self":[{"href":"https:\/\/pohjoinen.harrasterallisarja.fi\/index.php\/wp-json\/wp\/v2\/pages\/106","targetHints":{"allow":["GET"]}}],"collection":[{"href":"https:\/\/pohjoinen.harrasterallisarja.fi\/index.php\/wp-json\/wp\/v2\/pages"}],"about":[{"href":"https:\/\/pohjoinen.harrasterallisarja.fi\/index.php\/wp-json\/wp\/v2\/types\/page"}],"author":[{"embeddable":true,"href":"https:\/\/pohjoinen.harrasterallisarja.fi\/index.php\/wp-json\/wp\/v2\/users\/1"}],"replies":[{"embeddable":true,"href":"https:\/\/pohjoinen.harrasterallisarja.fi\/index.php\/wp-json\/wp\/v2\/comments?post=106"}],"version-history":[{"count":3,"href":"https:\/\/pohjoinen.harrasterallisarja.fi\/index.php\/wp-json\/wp\/v2\/pages\/106\/revisions"}],"predecessor-version":[{"id":113,"href":"https:\/\/pohjoinen.harrasterallisarja.fi\/index.php\/wp-json\/wp\/v2\/pages\/106\/revisions\/113"}],"wp:featuredmedia":[{"embeddable":true,"href":"https:\/\/pohjoinen.harrasterallisarja.fi\/index.php\/wp-json\/wp\/v2\/media\/110"}],"wp:attachment":[{"href":"https:\/\/pohjoinen.harrasterallisarja.fi\/index.php\/wp-json\/wp\/v2\/media?parent=106"}],"curies":[{"name":"wp","href":"https:\/\/api.w.org\/{rel}","templated":true}]}}